{"id":87,"date":"2022-12-12T14:30:11","date_gmt":"2022-12-12T14:30:11","guid":{"rendered":"https:\/\/memoiresdelolympia.fr\/?page_id=87"},"modified":"2026-05-07T19:51:09","modified_gmt":"2026-05-07T19:51:09","slug":"dates-de-representation","status":"publish","type":"page","link":"https:\/\/memoiresdelolympia.fr\/?page_id=87","title":{"rendered":"Dates de repr\u00e9sentation"},"content":{"rendered":"\n<p class=\"has-text-align-left\">Retrouvez toutes nos futures dates de repr\u00e9sentation du spectacle et venez nous d\u00e9couvrir sur sc\u00e8ne<\/p>\n\n\n\n<div class=\"wp-block-columns is-layout-flex wp-container-core-columns-is-layout-28f84493 wp-block-columns-is-layout-flex\">\n<div class=\"wp-block-column is-layout-flow wp-block-column-is-layout-flow\" style=\"flex-basis:100%\">\n<div class=\"inherit-container-width wp-block-group is-layout-constrained wp-block-group-is-layout-constrained\">\n<div class=\"wp-block-columns are-vertically-aligned-center is-layout-flex wp-container-core-columns-is-layout-28f84493 wp-block-columns-is-layout-flex\">\n<div class=\"wp-block-column is-vertically-aligned-center is-layout-flow wp-block-column-is-layout-flow\" style=\"flex-basis:25%\">\n<figure class=\"wp-block-image aligncenter size-large is-resized\"><img loading=\"lazy\" decoding=\"async\" width=\"821\" height=\"1024\" src=\"https:\/\/memoiresdelolympia.fr\/wp-content\/uploads\/2022\/12\/memoiresdelolympia-trompette-spectacle-821x1024.png\" alt=\"\" class=\"wp-image-88\" srcset=\"https:\/\/memoiresdelolympia.fr\/wp-content\/uploads\/2022\/12\/memoiresdelolympia-trompette-spectacle-821x1024.png 821w, https:\/\/memoiresdelolympia.fr\/wp-content\/uploads\/2022\/12\/memoiresdelolympia-trompette-spectacle-240x300.png 240w, https:\/\/memoiresdelolympia.fr\/wp-content\/uploads\/2022\/12\/memoiresdelolympia-trompette-spectacle-768x958.png 768w, https:\/\/memoiresdelolympia.fr\/wp-content\/uploads\/2022\/12\/memoiresdelolympia-trompette-spectacle-1231x1536.png 1231w, https:\/\/memoiresdelolympia.fr\/wp-content\/uploads\/2022\/12\/memoiresdelolympia-trompette-spectacle.png 1324w\" sizes=\"auto, (max-width: 821px) 100vw, 821px\" \/><\/figure>\n<\/div>\n\n\n\n<div class=\"wp-block-column is-vertically-aligned-center is-layout-flow wp-block-column-is-layout-flow\" style=\"flex-basis:50%\">\n<hr class=\"wp-block-separator has-alpha-channel-opacity\"\/>\n\n\n\n<h6 class=\"wp-block-heading has-text-align-center\">Prenez vos places pour le spectacle au Th\u00e9\u00e2tre du Funambule<br><a href=\"https:\/\/www.funambule-montmartre.com\/memoires-de-l-olympia\">https:\/\/www.funambule-montmartre.com\/memoires-de-l-olympia<\/a><\/h6>\n<\/div>\n\n\n\n<div class=\"wp-block-column is-vertically-aligned-center is-layout-flow wp-block-column-is-layout-flow\" style=\"flex-basis:25%\"><\/div>\n<\/div>\n<\/div>\n<\/div>\n<\/div>\n\n\n\n<hr class=\"wp-block-separator has-alpha-channel-opacity\"\/>\n\n\n\n<h5 class=\"wp-block-heading has-text-align-center\">Dates pass\u00e9es<\/h5>\n\n\n\n<p class=\"has-text-align-center has-small-font-size\">St Xandre &#8211; 13 d\u00e9cembre 2025<br>St Sulpice de Royan &#8211; 14 septembre 2025<br>Paris &#8211; 11, 12, 13, 18, 19, 20, 25, 26, 27 juillet \/ 1er, 2, 3, 8, 9, 10, 15, 16, 17, 22, 23, 24, 29, 30 et 31 ao\u00fbt 2025<br>Royan &#8211; 11 mai 2025<br>Paris (Montmartre Galabru) &#8211; 6, 8, 16 et 23 janvier 2025<br>Grand Village Plage (17) &#8211; 01 ao\u00fbt 2024<br>Poitiers (86) &#8211; 5 juin 2024<br>Arvert (17) &#8211; 18 avril 2024<br>Gignac la Nerthe (13) &#8211; 22 mars 2024<br>Jarnac (16) &#8211; 14 janvier 2024 repr\u00e9sentation priv\u00e9e<br>Beaucaire (30) &#8211; 15 d\u00e9cembre 2023 Salle du Casino<br>St Jean d&rsquo;Ang\u00e9ly (17) &#8211; 15 novembre 2023 Salle L&rsquo;Eden<br>Breuil-Magn\u00e9 (17) &#8211; 10 octobre 2023 Repr\u00e9sentation priv\u00e9e<br>Jarnac (16) &#8211; 30 juillet 2023 Festival Les 3 Coups de Jarnac<br>St Sulpice de Royan (17) &#8211; 11 mars 2023 Centre socioculturel Georges Brassens<br>Marennes (17) &#8211; 10 mars 2023 Salle\/Cin\u00e9ma L&rsquo;Estran<br>\u00c9taules (17) &#8211; 28 janvier 2023 CR\u00c9A &#8211; Salle polyvalente<br>St Georges de Didonne (17) &#8211; 14 octobre 2022 CR\u00c9A &#8211; Salle Bleue<br>Royan (17) &#8211; 5 mars 2022 Salle Jean Gabin<\/p>\n\n\n\n<p class=\"has-text-align-center has-small-font-size\"><\/p>\n","protected":false},"excerpt":{"rendered":"<p>Retrouvez toutes nos futures dates de repr\u00e9sentation du spectacle et venez nous d\u00e9couvrir sur sc\u00e8ne Prenez vos places pour le spectacle au Th\u00e9\u00e2tre du Funambulehttps:\/\/www.funambule-montmartre.com\/memoires-de-l-olympia Dates pass\u00e9es St Xandre &#8211; 13 d\u00e9cembre 2025St Sulpice de Royan &#8211; 14 septembre 2025Paris &#8211; 11, 12, 13, 18, 19, 20, 25, 26, 27 juillet \/ 1er, 2, 3, [&hellip;]<\/p>\n","protected":false},"author":1,"featured_media":0,"parent":0,"menu_order":0,"comment_status":"closed","ping_status":"closed","template":"","meta":{"site-sidebar-layout":"default","site-content-layout":"","ast-site-content-layout":"default","site-content-style":"default","site-sidebar-style":"default","ast-global-header-display":"","ast-banner-title-visibility":"","ast-main-header-display":"","ast-hfb-above-header-display":"","ast-hfb-below-header-display":"","ast-hfb-mobile-header-display":"","site-post-title":"","ast-breadcrumbs-content":"","ast-featured-img":"","footer-sml-layout":"","ast-disable-related-posts":"","theme-transparent-header-meta":"","adv-header-id-meta":"","stick-header-meta":"","header-above-stick-meta":"","header-main-stick-meta":"","header-below-stick-meta":"","astra-migrate-meta-layouts":"set","ast-page-background-enabled":"default","ast-page-background-meta":{"desktop":{"background-color":"var(--ast-global-color-4)","background-image":"","background-repeat":"repeat","background-position":"center center","background-size":"auto","background-attachment":"scroll","background-type":"","background-media":"","overlay-type":"","overlay-color":"","overlay-opacity":"","overlay-gradient":""},"tablet":{"background-color":"","background-image":"","background-repeat":"repeat","background-position":"center center","background-size":"auto","background-attachment":"scroll","background-type":"","background-media":"","overlay-type":"","overlay-color":"","overlay-opacity":"","overlay-gradient":""},"mobile":{"background-color":"","background-image":"","background-repeat":"repeat","background-position":"center center","background-size":"auto","background-attachment":"scroll","background-type":"","background-media":"","overlay-type":"","overlay-color":"","overlay-opacity":"","overlay-gradient":""}},"ast-content-background-meta":{"desktop":{"background-color":"var(--ast-global-color-5)","background-image":"","background-repeat":"repeat","background-position":"center center","background-size":"auto","background-attachment":"scroll","background-type":"","background-media":"","overlay-type":"","overlay-color":"","overlay-opacity":"","overlay-gradient":""},"tablet":{"background-color":"var(--ast-global-color-5)","background-image":"","background-repeat":"repeat","background-position":"center center","background-size":"auto","background-attachment":"scroll","background-type":"","background-media":"","overlay-type":"","overlay-color":"","overlay-opacity":"","overlay-gradient":""},"mobile":{"background-color":"var(--ast-global-color-5)","background-image":"","background-repeat":"repeat","background-position":"center center","background-size":"auto","background-attachment":"scroll","background-type":"","background-media":"","overlay-type":"","overlay-color":"","overlay-opacity":"","overlay-gradient":""}},"footnotes":""},"class_list":["post-87","page","type-page","status-publish","hentry"],"_links":{"self":[{"href":"https:\/\/memoiresdelolympia.fr\/index.php?rest_route=\/wp\/v2\/pages\/87","targetHints":{"allow":["GET"]}}],"collection":[{"href":"https:\/\/memoiresdelolympia.fr\/index.php?rest_route=\/wp\/v2\/pages"}],"about":[{"href":"https:\/\/memoiresdelolympia.fr\/index.php?rest_route=\/wp\/v2\/types\/page"}],"author":[{"embeddable":true,"href":"https:\/\/memoiresdelolympia.fr\/index.php?rest_route=\/wp\/v2\/users\/1"}],"replies":[{"embeddable":true,"href":"https:\/\/memoiresdelolympia.fr\/index.php?rest_route=%2Fwp%2Fv2%2Fcomments&post=87"}],"version-history":[{"count":34,"href":"https:\/\/memoiresdelolympia.fr\/index.php?rest_route=\/wp\/v2\/pages\/87\/revisions"}],"predecessor-version":[{"id":416,"href":"https:\/\/memoiresdelolympia.fr\/index.php?rest_route=\/wp\/v2\/pages\/87\/revisions\/416"}],"wp:attachment":[{"href":"https:\/\/memoiresdelolympia.fr\/index.php?rest_route=%2Fwp%2Fv2%2Fmedia&parent=87"}],"curies":[{"name":"wp","href":"https:\/\/api.w.org\/{rel}","templated":true}]}}