{"id":7,"date":"2022-12-06T12:05:15","date_gmt":"2022-12-06T12:05:15","guid":{"rendered":"https:\/\/memoiresdelolympia-fr.preview-domain.com\/?page_id=7"},"modified":"2026-05-07T19:38:42","modified_gmt":"2026-05-07T19:38:42","slug":"accueil","status":"publish","type":"page","link":"https:\/\/memoiresdelolympia.fr\/","title":{"rendered":"Accueil"},"content":{"rendered":"\n<div class=\"wp-block-columns are-vertically-aligned-center is-layout-flex wp-container-core-columns-is-layout-2aa49d08 wp-block-columns-is-layout-flex\" style=\"padding-top:var(--wp--preset--spacing--50);padding-right:var(--wp--preset--spacing--50);padding-bottom:var(--wp--preset--spacing--50);padding-left:var(--wp--preset--spacing--50)\">\n<div class=\"wp-block-column is-vertically-aligned-center is-layout-flow wp-block-column-is-layout-flow\">\n<figure class=\"wp-block-image aligncenter size-large is-resized\"><img loading=\"lazy\" decoding=\"async\" width=\"720\" height=\"1024\" src=\"http:\/\/memoiresdelolympia.fr\/wp-content\/uploads\/2026\/05\/memoires-de-lolympia-affiche-720x1024.png\" alt=\"\" class=\"wp-image-407\" srcset=\"https:\/\/memoiresdelolympia.fr\/wp-content\/uploads\/2026\/05\/memoires-de-lolympia-affiche-720x1024.png 720w, https:\/\/memoiresdelolympia.fr\/wp-content\/uploads\/2026\/05\/memoires-de-lolympia-affiche-211x300.png 211w, https:\/\/memoiresdelolympia.fr\/wp-content\/uploads\/2026\/05\/memoires-de-lolympia-affiche-768x1093.png 768w, https:\/\/memoiresdelolympia.fr\/wp-content\/uploads\/2026\/05\/memoires-de-lolympia-affiche-1080x1536.png 1080w, https:\/\/memoiresdelolympia.fr\/wp-content\/uploads\/2026\/05\/memoires-de-lolympia-affiche.png 1230w\" sizes=\"auto, (max-width: 720px) 100vw, 720px\" \/><\/figure>\n<\/div>\n\n\n\n<div class=\"wp-block-column is-vertically-aligned-center is-layout-flow wp-block-column-is-layout-flow\">\n<h2 class=\"wp-block-heading\">Le Mythe d\u00e9voil\u00e9<\/h2>\n\n\n\n<p>M\u00e9moire(s) de l&rsquo;Olympia est une pi\u00e8ce de th\u00e9\u00e2tre-musical \u00e9crite, jou\u00e9e et chant\u00e9e par Tito Cl\u00e9ment. Seul-en-sc\u00e8ne, il rend hommage au Music-Hall et \u00e0 ceux qui en ont fait un lieu de l\u00e9gende, des \u00ab\u00a0monstres sacr\u00e9s\u00a0\u00bb de la chanson \u00e0 Bruno Coquatrix et son bras droit et neveu, Jean-Michel Boris.<\/p>\n\n\n\n<p>Ce soir, jeudi 13 novembre 1997, la salle rouvre ses portes au public apr\u00e8s 7 mois de travaux. Durant la d\u00e9molition du b\u00e2timent, la servante \u00e0 disparu. Cette lampe sur pied qui reste allum\u00e9e lorsque la salle est vide, afin de ne pas la laisser dans le noir et que les mauvais esprits s&rsquo;y installent.<\/p>\n\n\n\n<p>Quelque part dans le sous-sol, d\u00e9couvrez Stanislas, l&rsquo;agent d&rsquo;entretien, dans son atelier. Il entreprend la r\u00e9alisation d&rsquo;une nouvelle servante \u00e0 qui il doit transmettre toute la m\u00e9moire de l&rsquo;Olympia.<\/p>\n<\/div>\n<\/div>\n\n\n\n<div style=\"height:55px\" aria-hidden=\"true\" class=\"wp-block-spacer\"><\/div>\n\n\n\n<h4 class=\"wp-block-heading has-text-align-center\">D\u00e9couvrez un aper\u00e7u du spectacle&#8230;<\/h4>\n\n\n\n<figure class=\"wp-block-embed aligncenter is-type-video is-provider-youtube wp-block-embed-youtube wp-embed-aspect-16-9 wp-has-aspect-ratio\"><div class=\"wp-block-embed__wrapper\">\n<iframe loading=\"lazy\" title=\"Teaser + Titres presse &quot;M\u00e9moire(s) de l&#039;Olympia&quot;\" width=\"500\" height=\"281\" src=\"https:\/\/www.youtube.com\/embed\/z07pRN-_kQc?feature=oembed\" frameborder=\"0\" allow=\"accelerometer; autoplay; clipboard-write; encrypted-media; gyroscope; picture-in-picture; web-share\" referrerpolicy=\"strict-origin-when-cross-origin\" allowfullscreen><\/iframe>\n<\/div><\/figure>\n\n\n\n<div style=\"height:55px\" aria-hidden=\"true\" class=\"wp-block-spacer\"><\/div>\n\n\n\n<h4 class=\"wp-block-heading has-text-align-center\">Vous avez d\u00e9j\u00e0 vu le spectacle ? <br>Laissez un mot dans notre Livre d&rsquo;Or<\/h4>\n\n\n\n<div class=\"wp-block-buttons is-layout-flex wp-block-buttons-is-layout-flex\">\n<div class=\"wp-block-button aligncenter\"><a class=\"wp-block-button__link wp-element-button\" href=\"https:\/\/memoiresdelolympia.fr\/?page_id=18\" style=\"padding-top:var(--wp--preset--spacing--30);padding-right:var(--wp--preset--spacing--30);padding-bottom:var(--wp--preset--spacing--30);padding-left:var(--wp--preset--spacing--30)\" target=\"_blank\" rel=\"noreferrer noopener\">Livre d&rsquo;Or<\/a><\/div>\n<\/div>\n\n\n\n<div style=\"height:55px\" aria-hidden=\"true\" class=\"wp-block-spacer\"><\/div>\n\n\n\n<h3 class=\"wp-block-heading has-text-align-center\">L&rsquo;\u00e9quipe du Spectacle<\/h3>\n\n\n\n<div class=\"wp-block-columns are-vertically-aligned-center is-layout-flex wp-container-core-columns-is-layout-28f84493 wp-block-columns-is-layout-flex\">\n<div class=\"wp-block-column is-vertically-aligned-center is-layout-flow wp-block-column-is-layout-flow\">\n<p>Sur sc\u00e8ne, Stanislas, jou\u00e9 par <strong>Tito Cl\u00e9ment<\/strong> est accompagn\u00e9 au piano par <strong>Romain Budin<\/strong>, qui fait \u00e9galement les ch\u0153urs.<br><br><strong>Laurent Malot<\/strong> a mis en sc\u00e8ne le spectacle M\u00e9moire(s) de l&rsquo;Olympia et <strong>Jo\u00ebl Legagneur<\/strong> en \u00e0 r\u00e9alis\u00e9 la conception lumi\u00e8res.<br><br>Tito remercie <strong>Brigitte Delouis<\/strong> pour le coaching maquillage et <strong>Erwan Daouphars<\/strong>, <strong>Vanessa Cailhol<\/strong> et <strong>Eric Laug\u00e9rias<\/strong> pour le coaching th\u00e9\u00e2tre. Ainsi que <strong>Julie Estardy<\/strong> et <strong>Alexandre Vitrac<\/strong> pour la fourniture d&rsquo;illustration sonore. <br><br>Le \u00ab\u00a0couteau Suisse\u00a0\u00bb du spectacle est <strong>Anthony Giraud<\/strong> !<br><br><strong>Jennifer Lescou\u00ebt<\/strong> a r\u00e9alis\u00e9 les photos.<br><br><strong>C\u00e9lia Raspiengeas<\/strong> est la cr\u00e9atrice de la charte graphique et des supports de communication.<\/p>\n<\/div>\n\n\n\n<div class=\"wp-block-column is-vertically-aligned-center is-layout-flow wp-block-column-is-layout-flow\">\n<figure class=\"wp-block-image aligncenter size-large is-resized\"><img loading=\"lazy\" decoding=\"async\" width=\"915\" height=\"1024\" src=\"https:\/\/memoiresdelolympia.fr\/wp-content\/uploads\/2022\/12\/memoiresdelolympia-tito-clement-915x1024.png\" alt=\"\" class=\"wp-image-71\" srcset=\"https:\/\/memoiresdelolympia.fr\/wp-content\/uploads\/2022\/12\/memoiresdelolympia-tito-clement-915x1024.png 915w, https:\/\/memoiresdelolympia.fr\/wp-content\/uploads\/2022\/12\/memoiresdelolympia-tito-clement-268x300.png 268w, https:\/\/memoiresdelolympia.fr\/wp-content\/uploads\/2022\/12\/memoiresdelolympia-tito-clement-768x860.png 768w, https:\/\/memoiresdelolympia.fr\/wp-content\/uploads\/2022\/12\/memoiresdelolympia-tito-clement.png 1250w\" sizes=\"auto, (max-width: 915px) 100vw, 915px\" \/><\/figure>\n<\/div>\n<\/div>\n\n\n\n<p class=\"has-text-align-center\">Merci \u00e0 la direction de l&rsquo;Olympia pour l&rsquo;aimable&nbsp;autorisation d&rsquo;utiliser leur logo<\/p>\n\n\n\n<div class=\"wp-block-columns is-layout-flex wp-container-core-columns-is-layout-28f84493 wp-block-columns-is-layout-flex\">\n<div class=\"wp-block-column is-layout-flow wp-block-column-is-layout-flow\" style=\"flex-basis:33.33%\">\n<figure class=\"wp-block-image size-large is-resized\"><img loading=\"lazy\" decoding=\"async\" width=\"1024\" height=\"671\" src=\"https:\/\/memoiresdelolympia.fr\/wp-content\/uploads\/2026\/04\/Les-Trophees-de-la-comedie-musicale-memoires-de-lolympia-1024x671.png\" alt=\"\" class=\"wp-image-401\" style=\"aspect-ratio:1.5261310194078295;width:213px;height:auto\" srcset=\"https:\/\/memoiresdelolympia.fr\/wp-content\/uploads\/2026\/04\/Les-Trophees-de-la-comedie-musicale-memoires-de-lolympia-1024x671.png 1024w, https:\/\/memoiresdelolympia.fr\/wp-content\/uploads\/2026\/04\/Les-Trophees-de-la-comedie-musicale-memoires-de-lolympia-300x197.png 300w, https:\/\/memoiresdelolympia.fr\/wp-content\/uploads\/2026\/04\/Les-Trophees-de-la-comedie-musicale-memoires-de-lolympia-768x504.png 768w, https:\/\/memoiresdelolympia.fr\/wp-content\/uploads\/2026\/04\/Les-Trophees-de-la-comedie-musicale-memoires-de-lolympia-1536x1007.png 1536w, https:\/\/memoiresdelolympia.fr\/wp-content\/uploads\/2026\/04\/Les-Trophees-de-la-comedie-musicale-memoires-de-lolympia-2048x1343.png 2048w\" sizes=\"auto, (max-width: 1024px) 100vw, 1024px\" \/><\/figure>\n<\/div>\n\n\n\n<div class=\"wp-block-column is-layout-flow wp-block-column-is-layout-flow\" style=\"flex-basis:80%\">\n<h3 class=\"wp-block-heading has-text-align-center\">Ce spectacle est \u00e9ligible aux Troph\u00e9es de La Com\u00e9die Musicale 2026<\/h3>\n<\/div>\n<\/div>\n\n\n\n<h3 class=\"wp-block-heading has-text-align-center\">Contactez-nous ci-dessous<\/h3>\n\n\n\n<div class=\"wp-block-buttons is-layout-flex wp-block-buttons-is-layout-flex\">\n<div class=\"wp-block-button aligncenter\"><a class=\"wp-block-button__link wp-element-button\" href=\"https:\/\/memoiresdelolympia.fr\/?page_id=113\" target=\"_blank\" rel=\"noreferrer noopener\">CONTACT<\/a><\/div>\n<\/div>\n\n\n\n<div style=\"height:40px\" aria-hidden=\"true\" class=\"wp-block-spacer\"><\/div>\n","protected":false},"excerpt":{"rendered":"<p>Le Mythe d\u00e9voil\u00e9 M\u00e9moire(s) de l&rsquo;Olympia est une pi\u00e8ce de th\u00e9\u00e2tre-musical \u00e9crite, jou\u00e9e et chant\u00e9e par Tito Cl\u00e9ment. Seul-en-sc\u00e8ne, il rend hommage au Music-Hall et \u00e0 ceux qui en ont fait un lieu de l\u00e9gende, des \u00ab\u00a0monstres sacr\u00e9s\u00a0\u00bb de la chanson \u00e0 Bruno Coquatrix et son bras droit et neveu, Jean-Michel Boris. Ce soir, jeudi [&hellip;]<\/p>\n","protected":false},"author":1,"featured_media":0,"parent":0,"menu_order":0,"comment_status":"closed","ping_status":"closed","template":"","meta":{"site-sidebar-layout":"default","site-content-layout":"","ast-site-content-layout":"default","site-content-style":"default","site-sidebar-style":"default","ast-global-header-display":"","ast-banner-title-visibility":"","ast-main-header-display":"","ast-hfb-above-header-display":"","ast-hfb-below-header-display":"","ast-hfb-mobile-header-display":"","site-post-title":"disabled","ast-breadcrumbs-content":"","ast-featured-img":"","footer-sml-layout":"","ast-disable-related-posts":"","theme-transparent-header-meta":"","adv-header-id-meta":"","stick-header-meta":"","header-above-stick-meta":"","header-main-stick-meta":"","header-below-stick-meta":"","astra-migrate-meta-layouts":"set","ast-page-background-enabled":"default","ast-page-background-meta":{"desktop":{"background-color":"var(--ast-global-color-4)","background-image":"","background-repeat":"repeat","background-position":"center center","background-size":"auto","background-attachment":"scroll","background-type":"","background-media":"","overlay-type":"","overlay-color":"","overlay-opacity":"","overlay-gradient":""},"tablet":{"background-color":"","background-image":"","background-repeat":"repeat","background-position":"center center","background-size":"auto","background-attachment":"scroll","background-type":"","background-media":"","overlay-type":"","overlay-color":"","overlay-opacity":"","overlay-gradient":""},"mobile":{"background-color":"","background-image":"","background-repeat":"repeat","background-position":"center center","background-size":"auto","background-attachment":"scroll","background-type":"","background-media":"","overlay-type":"","overlay-color":"","overlay-opacity":"","overlay-gradient":""}},"ast-content-background-meta":{"desktop":{"background-color":"var(--ast-global-color-5)","background-image":"","background-repeat":"repeat","background-position":"center center","background-size":"auto","background-attachment":"scroll","background-type":"","background-media":"","overlay-type":"","overlay-color":"","overlay-opacity":"","overlay-gradient":""},"tablet":{"background-color":"var(--ast-global-color-5)","background-image":"","background-repeat":"repeat","background-position":"center center","background-size":"auto","background-attachment":"scroll","background-type":"","background-media":"","overlay-type":"","overlay-color":"","overlay-opacity":"","overlay-gradient":""},"mobile":{"background-color":"var(--ast-global-color-5)","background-image":"","background-repeat":"repeat","background-position":"center center","background-size":"auto","background-attachment":"scroll","background-type":"","background-media":"","overlay-type":"","overlay-color":"","overlay-opacity":"","overlay-gradient":""}},"footnotes":""},"class_list":["post-7","page","type-page","status-publish","hentry"],"_links":{"self":[{"href":"https:\/\/memoiresdelolympia.fr\/index.php?rest_route=\/wp\/v2\/pages\/7","targetHints":{"allow":["GET"]}}],"collection":[{"href":"https:\/\/memoiresdelolympia.fr\/index.php?rest_route=\/wp\/v2\/pages"}],"about":[{"href":"https:\/\/memoiresdelolympia.fr\/index.php?rest_route=\/wp\/v2\/types\/page"}],"author":[{"embeddable":true,"href":"https:\/\/memoiresdelolympia.fr\/index.php?rest_route=\/wp\/v2\/users\/1"}],"replies":[{"embeddable":true,"href":"https:\/\/memoiresdelolympia.fr\/index.php?rest_route=%2Fwp%2Fv2%2Fcomments&post=7"}],"version-history":[{"count":37,"href":"https:\/\/memoiresdelolympia.fr\/index.php?rest_route=\/wp\/v2\/pages\/7\/revisions"}],"predecessor-version":[{"id":408,"href":"https:\/\/memoiresdelolympia.fr\/index.php?rest_route=\/wp\/v2\/pages\/7\/revisions\/408"}],"wp:attachment":[{"href":"https:\/\/memoiresdelolympia.fr\/index.php?rest_route=%2Fwp%2Fv2%2Fmedia&parent=7"}],"curies":[{"name":"wp","href":"https:\/\/api.w.org\/{rel}","templated":true}]}}