{"id":314,"date":"2025-02-26T15:07:55","date_gmt":"2025-02-26T15:07:55","guid":{"rendered":"https:\/\/memoiresdelolympia.fr\/?page_id=314"},"modified":"2025-02-26T15:07:55","modified_gmt":"2025-02-26T15:07:55","slug":"retours-des-grands-noms-du-spectacle","status":"publish","type":"page","link":"https:\/\/memoiresdelolympia.fr\/?page_id=314","title":{"rendered":"Retours des Grands Noms du Spectacle"},"content":{"rendered":"\n<p>Apr\u00e8s avoir d\u00e9couvert M\u00e9moire(s) de l&rsquo;Olympia sur sc\u00e8ne, certains<strong> Grands Noms du monde du Spectacle Fran\u00e7ais nous disent ce qu\u2019ils en ont pens\u00e9<\/strong><\/p>\n\n\n\n<hr class=\"wp-block-separator has-alpha-channel-opacity\"\/>\n\n\n\n<blockquote class=\"wp-block-quote has-ast-global-color-7-background-color has-background is-layout-flow wp-block-quote-is-layout-flow\">\n<p class=\"has-medium-font-size\"><strong>\u00ab\u00a0Quel plaisir de traverser avec vous les ann\u00e9es l\u00e9gendaires de notre bel Olympia\u00a0\u00bb<\/strong><\/p>\n<cite>Yvette Capoulade (Directrice de programmation de l\u2019Olympia)<\/cite><\/blockquote>\n\n\n\n<blockquote class=\"wp-block-quote has-text-align-right has-ast-global-color-7-background-color has-background is-layout-flow wp-block-quote-is-layout-flow\">\n<p class=\"has-medium-font-size\"><strong><strong>\u00ab\u00a0Par votre talent, Tito Cl\u00e9ment, votre \u00ab\u00a0M\u00e9moire(s) de l\u2019Olympia\u00a0\u00bb est inoubliable. Mille bravos et standing ovation\u00a0\u00bb<\/strong><\/strong><\/p>\n<cite>Jean-Max Rivi\u00e8re (Auteur \u2013 La Madrague : Brigitte Bardot, Il suffirait de presque rien : Serge Reggiani\u2026)<\/cite><\/blockquote>\n\n\n\n<blockquote class=\"wp-block-quote has-text-align-left has-ast-global-color-7-background-color has-background is-layout-flow wp-block-quote-is-layout-flow\">\n<p class=\"has-medium-font-size\"><strong><strong><strong>\u00ab\u00a0Merci infiniment de cet amour que vous transmettez\u00a0\u00bb<\/strong><\/strong><\/strong><\/p>\n<cite>Marie-Silvia Manuel (Com\u00e9dienne \u2013 Fille de Robert Manuel)<\/cite><\/blockquote>\n\n\n\n<blockquote class=\"wp-block-quote has-text-align-right has-ast-global-color-7-background-color has-background is-layout-flow wp-block-quote-is-layout-flow\">\n<p class=\"has-medium-font-size\"><strong><strong><strong><strong>\u00ab\u00a0Merci pour ce joli moment \u00e9mouvant et empreint de tant de beaux souvenirs\u00a0\u00bb<\/strong><\/strong><\/strong><\/strong><\/p>\n<cite>Mathieu Moulin (Directeur du label Marianne M\u00e9lodie)<\/cite><\/blockquote>\n\n\n\n<blockquote class=\"wp-block-quote has-text-align-left has-ast-global-color-7-background-color has-background is-layout-flow wp-block-quote-is-layout-flow\">\n<p class=\"has-medium-font-size\"><strong><strong><strong><strong><strong>\u00ab\u00a0J\u2019\u00e9tais \u00e0 fond avec vous sans rater une miette de votre spectacle\u00a0\u00bb<\/strong><\/strong><\/strong><\/strong><\/strong><\/p>\n<cite>Sophie Forte (Com\u00e9dienne \u2013 Autrice)<\/cite><\/blockquote>\n\n\n\n<blockquote class=\"wp-block-quote has-text-align-right has-ast-global-color-7-background-color has-background is-layout-flow wp-block-quote-is-layout-flow\">\n<p class=\"has-medium-font-size\"><strong><strong><strong><strong><strong><strong>\u00ab\u00a0Des spectateurs heureux, \u00e9mus de retrouver des madeleines de Proust. Du plaisir des deux c\u00f4t\u00e9s de la rampe !\u00a0\u00bb<\/strong><\/strong><\/strong><\/strong><\/strong><\/strong><\/p>\n<cite>Jean-Paul Tribout (Acteur \u2013 Metteur en sc\u00e8ne)<\/cite><\/blockquote>\n\n\n\n<blockquote class=\"wp-block-quote has-text-align-left has-ast-global-color-7-background-color has-background is-layout-flow wp-block-quote-is-layout-flow\">\n<p class=\"has-medium-font-size\"><strong><strong><strong><strong><strong><strong><strong>\u00ab\u00a0\u00ab\u00a0M\u00e9moire(s) de l\u2019Olympia\u00a0\u00bb est une vraie r\u00e9ussite. Vous auriez tort de ne pas aller le voir<\/strong>\u00a0\u00bb<\/strong><\/strong><\/strong><\/strong><\/strong><\/strong><\/p>\n<cite>Bruno Moynot (Com\u00e9dien \u2013 monsieur Prescovic dans \u00ab\u00a0Le p\u00e8re No\u00ebl est une ordure\u00a0\u00bb \u2013 Directeur du th\u00e9\u00e2tre du Splendid)<\/cite><\/blockquote>\n\n\n\n<blockquote class=\"wp-block-quote has-text-align-right has-ast-global-color-7-background-color has-background is-layout-flow wp-block-quote-is-layout-flow\">\n<p class=\"has-medium-font-size\"><strong><strong><strong><strong><strong><strong><strong><strong>\u00ab\u00a0Mille mercis de faire revivre ces artistes, Jean-Michel Boris et l\u2019Olympia\u00a0\u00bb<\/strong><\/strong><\/strong><\/strong><\/strong><\/strong><\/strong><\/strong><\/p>\n<cite>V\u00e9ronique Berecz (Responsable relations ext\u00e9rieures au Mus\u00e9e Gr\u00e9vin)<\/cite><\/blockquote>\n\n\n\n<blockquote class=\"wp-block-quote has-text-align-left has-ast-global-color-7-background-color has-background is-layout-flow wp-block-quote-is-layout-flow\">\n<p class=\"has-medium-font-size\"><strong><strong><strong><strong><strong><strong><strong><strong><strong>\u00ab\u00a0Bravo et tant de souvenirs. J\u2019ai ador\u00e9\u00a0\u00bb<\/strong><\/strong><\/strong><\/strong><\/strong><\/strong><\/strong><\/strong><\/strong><\/p>\n<cite>Jean-Fran\u00e7ois Michael (Chanteur \u2013 Producteur)<\/cite><\/blockquote>\n\n\n\n<blockquote class=\"wp-block-quote has-text-align-right has-ast-global-color-7-background-color has-background is-layout-flow wp-block-quote-is-layout-flow\">\n<p class=\"has-medium-font-size\"><strong><strong><strong><strong><strong><strong><strong><strong><strong><strong>\u00ab\u00a0Quel beau spectacle qui tient en haleine du d\u00e9but \u00e0 la fin\u00a0\u00bb<\/strong><\/strong><\/strong><\/strong><\/strong><\/strong><\/strong><\/strong><\/strong><\/strong><\/p>\n<cite>Madeline Caradec (Fille de Jean-Michel Caradec)<\/cite><\/blockquote>\n\n\n\n<blockquote class=\"wp-block-quote has-text-align-left has-ast-global-color-7-background-color has-background is-layout-flow wp-block-quote-is-layout-flow\">\n<p class=\"has-medium-font-size\"><strong><strong><strong><strong><strong><strong><strong><strong><strong><strong><strong>\u00ab\u00a0Le bel hommage de Tito Cl\u00e9ment au temple du Music-Hall\u00a0\u00bb<\/strong><\/strong><\/strong><\/strong><\/strong><\/strong><\/strong><\/strong><\/strong><\/strong><\/strong><\/p>\n<cite>Annie Grandjanin (Journaliste)<\/cite><\/blockquote>\n\n\n\n<blockquote class=\"wp-block-quote has-text-align-right has-ast-global-color-7-background-color has-background is-layout-flow wp-block-quote-is-layout-flow\">\n<p class=\"has-medium-font-size\"><strong><strong><strong><strong><strong><strong><strong><strong><strong><strong><strong><strong>\u00ab\u00a0\u00c9norm\u00e9ment de belles images et de souvenirs \u00e0 la vision de ce spectacle. Hommage au temple du Music-hall et \u00e0 mon p\u00e8re. Merci Tito\u00a0\u00bb<\/strong><\/strong><\/strong><\/strong><\/strong><\/strong><\/strong><\/strong><\/strong><\/strong><\/strong><\/strong><\/p>\n<cite>Eric Boris (Fils de Jean-Michel Boris \u2013 Ex-directeur de l\u2019Olympia)<\/cite><\/blockquote>\n\n\n\n<p><\/p>\n","protected":false},"excerpt":{"rendered":"<p>Apr\u00e8s avoir d\u00e9couvert M\u00e9moire(s) de l&rsquo;Olympia sur sc\u00e8ne, certains Grands Noms du monde du Spectacle Fran\u00e7ais nous disent ce qu\u2019ils en ont pens\u00e9 \u00ab\u00a0Quel plaisir de traverser avec vous les ann\u00e9es l\u00e9gendaires de notre bel Olympia\u00a0\u00bb Yvette Capoulade (Directrice de programmation de l\u2019Olympia) \u00ab\u00a0Par votre talent, Tito Cl\u00e9ment, votre \u00ab\u00a0M\u00e9moire(s) de l\u2019Olympia\u00a0\u00bb est inoubliable. Mille [&hellip;]<\/p>\n","protected":false},"author":1,"featured_media":0,"parent":0,"menu_order":0,"comment_status":"closed","ping_status":"closed","template":"","meta":{"site-sidebar-layout":"default","site-content-layout":"","ast-site-content-layout":"default","site-content-style":"default","site-sidebar-style":"default","ast-global-header-display":"","ast-banner-title-visibility":"","ast-main-header-display":"","ast-hfb-above-header-display":"","ast-hfb-below-header-display":"","ast-hfb-mobile-header-display":"","site-post-title":"","ast-breadcrumbs-content":"","ast-featured-img":"","footer-sml-layout":"","ast-disable-related-posts":"","theme-transparent-header-meta":"","adv-header-id-meta":"","stick-header-meta":"","header-above-stick-meta":"","header-main-stick-meta":"","header-below-stick-meta":"","astra-migrate-meta-layouts":"set","ast-page-background-enabled":"default","ast-page-background-meta":{"desktop":{"background-color":"var(--ast-global-color-4)","background-image":"","background-repeat":"repeat","background-position":"center center","background-size":"auto","background-attachment":"scroll","background-type":"","background-media":"","overlay-type":"","overlay-color":"","overlay-opacity":"","overlay-gradient":""},"tablet":{"background-color":"","background-image":"","background-repeat":"repeat","background-position":"center center","background-size":"auto","background-attachment":"scroll","background-type":"","background-media":"","overlay-type":"","overlay-color":"","overlay-opacity":"","overlay-gradient":""},"mobile":{"background-color":"","background-image":"","background-repeat":"repeat","background-position":"center center","background-size":"auto","background-attachment":"scroll","background-type":"","background-media":"","overlay-type":"","overlay-color":"","overlay-opacity":"","overlay-gradient":""}},"ast-content-background-meta":{"desktop":{"background-color":"var(--ast-global-color-5)","background-image":"","background-repeat":"repeat","background-position":"center center","background-size":"auto","background-attachment":"scroll","background-type":"","background-media":"","overlay-type":"","overlay-color":"","overlay-opacity":"","overlay-gradient":""},"tablet":{"background-color":"var(--ast-global-color-5)","background-image":"","background-repeat":"repeat","background-position":"center center","background-size":"auto","background-attachment":"scroll","background-type":"","background-media":"","overlay-type":"","overlay-color":"","overlay-opacity":"","overlay-gradient":""},"mobile":{"background-color":"var(--ast-global-color-5)","background-image":"","background-repeat":"repeat","background-position":"center center","background-size":"auto","background-attachment":"scroll","background-type":"","background-media":"","overlay-type":"","overlay-color":"","overlay-opacity":"","overlay-gradient":""}},"footnotes":""},"class_list":["post-314","page","type-page","status-publish","hentry"],"_links":{"self":[{"href":"https:\/\/memoiresdelolympia.fr\/index.php?rest_route=\/wp\/v2\/pages\/314","targetHints":{"allow":["GET"]}}],"collection":[{"href":"https:\/\/memoiresdelolympia.fr\/index.php?rest_route=\/wp\/v2\/pages"}],"about":[{"href":"https:\/\/memoiresdelolympia.fr\/index.php?rest_route=\/wp\/v2\/types\/page"}],"author":[{"embeddable":true,"href":"https:\/\/memoiresdelolympia.fr\/index.php?rest_route=\/wp\/v2\/users\/1"}],"replies":[{"embeddable":true,"href":"https:\/\/memoiresdelolympia.fr\/index.php?rest_route=%2Fwp%2Fv2%2Fcomments&post=314"}],"version-history":[{"count":1,"href":"https:\/\/memoiresdelolympia.fr\/index.php?rest_route=\/wp\/v2\/pages\/314\/revisions"}],"predecessor-version":[{"id":315,"href":"https:\/\/memoiresdelolympia.fr\/index.php?rest_route=\/wp\/v2\/pages\/314\/revisions\/315"}],"wp:attachment":[{"href":"https:\/\/memoiresdelolympia.fr\/index.php?rest_route=%2Fwp%2Fv2%2Fmedia&parent=314"}],"curies":[{"name":"wp","href":"https:\/\/api.w.org\/{rel}","templated":true}]}}