{"id":20,"date":"2022-11-30T10:18:22","date_gmt":"2022-11-30T10:18:22","guid":{"rendered":"https:\/\/memoiresdelolympia-fr.preview-domain.com\/?page_id=20"},"modified":"2026-05-07T19:47:40","modified_gmt":"2026-05-07T19:47:40","slug":"nos-soutiens","status":"publish","type":"page","link":"https:\/\/memoiresdelolympia.fr\/?page_id=20","title":{"rendered":"Nos soutiens"},"content":{"rendered":"\n<p class=\"has-text-align-center\">L&rsquo;\u00e9quipe de M\u00e9moire(s) de l&rsquo;Olympia tient \u00e0 t\u00e9moigner sa gratitude et ses remerciements<br>\u00e0 toutes les personnes et les entreprises qui soutiennent le spectacle.<\/p>\n\n\n\n<div style=\"height:50px\" aria-hidden=\"true\" class=\"wp-block-spacer\"><\/div>\n\n\n\n<p class=\"has-text-align-center\">Vous souhaitez nous soutenir aussi et entrer dans l&rsquo;aventure \u00e0 nos c\u00f4t\u00e9s ?<br>Contactez-nous ci-dessous<\/p>\n\n\n\n<div class=\"wp-block-buttons is-layout-flex wp-block-buttons-is-layout-flex\">\n<div class=\"wp-block-button aligncenter\"><a class=\"wp-block-button__link wp-element-button\" href=\"https:\/\/memoiresdelolympia.fr\/contact\/\" target=\"_blank\" rel=\"noreferrer noopener\">CONTACT<\/a><\/div>\n<\/div>\n\n\n\n<div style=\"height:50px\" aria-hidden=\"true\" class=\"wp-block-spacer\"><\/div>\n\n\n\n<div class=\"wp-block-columns are-vertically-aligned-center is-layout-flex wp-container-core-columns-is-layout-28f84493 wp-block-columns-is-layout-flex\">\n<div class=\"wp-block-column is-vertically-aligned-center is-layout-flow wp-block-column-is-layout-flow\">\n<figure class=\"wp-block-image aligncenter size-medium is-resized\"><img loading=\"lazy\" decoding=\"async\" width=\"300\" height=\"136\" src=\"http:\/\/memoiresdelolympia.fr\/wp-content\/uploads\/2026\/05\/SPEDIDAM-LOGO-RVB_Positif-300x136.jpg\" alt=\"\" class=\"wp-image-412\" style=\"aspect-ratio:1.7777777777777777;object-fit:cover;width:162px;height:auto\" srcset=\"https:\/\/memoiresdelolympia.fr\/wp-content\/uploads\/2026\/05\/SPEDIDAM-LOGO-RVB_Positif-300x136.jpg 300w, https:\/\/memoiresdelolympia.fr\/wp-content\/uploads\/2026\/05\/SPEDIDAM-LOGO-RVB_Positif-1024x465.jpg 1024w, https:\/\/memoiresdelolympia.fr\/wp-content\/uploads\/2026\/05\/SPEDIDAM-LOGO-RVB_Positif-768x349.jpg 768w, https:\/\/memoiresdelolympia.fr\/wp-content\/uploads\/2026\/05\/SPEDIDAM-LOGO-RVB_Positif-1536x698.jpg 1536w, https:\/\/memoiresdelolympia.fr\/wp-content\/uploads\/2026\/05\/SPEDIDAM-LOGO-RVB_Positif-2048x931.jpg 2048w\" sizes=\"auto, (max-width: 300px) 100vw, 300px\" \/><figcaption class=\"wp-element-caption\">Spedidam<\/figcaption><\/figure>\n<\/div>\n\n\n\n<div class=\"wp-block-column is-vertically-aligned-center is-layout-flow wp-block-column-is-layout-flow\">\n<figure class=\"wp-block-image aligncenter size-full is-resized\"><img loading=\"lazy\" decoding=\"async\" width=\"2560\" height=\"1207\" src=\"http:\/\/memoiresdelolympia.fr\/wp-content\/uploads\/2026\/05\/Adami_digital_Sans_Signature_Blanc-scaled.png\" alt=\"\" class=\"wp-image-414\" style=\"aspect-ratio:2.121168923734854;width:199px;height:auto\" srcset=\"https:\/\/memoiresdelolympia.fr\/wp-content\/uploads\/2026\/05\/Adami_digital_Sans_Signature_Blanc-scaled.png 2560w, https:\/\/memoiresdelolympia.fr\/wp-content\/uploads\/2026\/05\/Adami_digital_Sans_Signature_Blanc-300x141.png 300w, https:\/\/memoiresdelolympia.fr\/wp-content\/uploads\/2026\/05\/Adami_digital_Sans_Signature_Blanc-1024x483.png 1024w, https:\/\/memoiresdelolympia.fr\/wp-content\/uploads\/2026\/05\/Adami_digital_Sans_Signature_Blanc-768x362.png 768w, https:\/\/memoiresdelolympia.fr\/wp-content\/uploads\/2026\/05\/Adami_digital_Sans_Signature_Blanc-1536x724.png 1536w, https:\/\/memoiresdelolympia.fr\/wp-content\/uploads\/2026\/05\/Adami_digital_Sans_Signature_Blanc-2048x966.png 2048w\" sizes=\"auto, (max-width: 2560px) 100vw, 2560px\" \/><figcaption class=\"wp-element-caption\">Adami<\/figcaption><\/figure>\n<\/div>\n\n\n\n<div class=\"wp-block-column is-vertically-aligned-center is-layout-flow wp-block-column-is-layout-flow\">\n<figure class=\"wp-block-image aligncenter size-large is-resized\"><img loading=\"lazy\" decoding=\"async\" width=\"1024\" height=\"670\" src=\"http:\/\/memoiresdelolympia.fr\/wp-content\/uploads\/2026\/05\/CNM-logo_reduit_partenaire_blanc-1024x670.png\" alt=\"\" class=\"wp-image-413\" style=\"aspect-ratio:1.5285826155050901;width:174px;height:auto\" srcset=\"https:\/\/memoiresdelolympia.fr\/wp-content\/uploads\/2026\/05\/CNM-logo_reduit_partenaire_blanc-1024x670.png 1024w, https:\/\/memoiresdelolympia.fr\/wp-content\/uploads\/2026\/05\/CNM-logo_reduit_partenaire_blanc-300x196.png 300w, https:\/\/memoiresdelolympia.fr\/wp-content\/uploads\/2026\/05\/CNM-logo_reduit_partenaire_blanc-768x502.png 768w, https:\/\/memoiresdelolympia.fr\/wp-content\/uploads\/2026\/05\/CNM-logo_reduit_partenaire_blanc-1536x1005.png 1536w, https:\/\/memoiresdelolympia.fr\/wp-content\/uploads\/2026\/05\/CNM-logo_reduit_partenaire_blanc-2048x1340.png 2048w\" sizes=\"auto, (max-width: 1024px) 100vw, 1024px\" \/><figcaption class=\"wp-element-caption\">Centre National de la Musique<\/figcaption><\/figure>\n<\/div>\n<\/div>\n\n\n\n<h4 class=\"wp-block-heading has-text-align-center\">Les entreprises qui nous soutiennent<\/h4>\n\n\n\n<div class=\"wp-block-columns is-layout-flex wp-container-core-columns-is-layout-28f84493 wp-block-columns-is-layout-flex\">\n<div class=\"wp-block-column is-layout-flow wp-block-column-is-layout-flow\">\n<figure class=\"wp-block-image aligncenter size-full is-resized\"><a href=\"https:\/\/www.europcar-atlantique.fr\/agences\/royan?utm_campaign=GoogleMyBusiness&amp;utm_medium=Local&amp;utm_source=Google&amp;utm_content=Europcar-Royan\" target=\"_blank\" rel=\"noreferrer noopener\"><img loading=\"lazy\" decoding=\"async\" width=\"1024\" height=\"341\" src=\"https:\/\/memoiresdelolympia.fr\/wp-content\/uploads\/2022\/12\/europcar.png\" alt=\"\" class=\"wp-image-79\" style=\"width:256px;height:85px\" srcset=\"https:\/\/memoiresdelolympia.fr\/wp-content\/uploads\/2022\/12\/europcar.png 1024w, https:\/\/memoiresdelolympia.fr\/wp-content\/uploads\/2022\/12\/europcar-300x100.png 300w, https:\/\/memoiresdelolympia.fr\/wp-content\/uploads\/2022\/12\/europcar-768x256.png 768w\" sizes=\"auto, (max-width: 1024px) 100vw, 1024px\" \/><\/a><figcaption class=\"wp-element-caption\">Europcar <br>Royan &#8211; Ol\u00e9ron &#8211; Rochefort<\/figcaption><\/figure>\n<\/div>\n\n\n\n<div class=\"wp-block-column is-layout-flow wp-block-column-is-layout-flow\">\n<figure class=\"wp-block-image aligncenter size-full is-resized\"><a href=\"https:\/\/www.facebook.com\/profile.php?id=100055957153586\" target=\"_blank\" rel=\"noreferrer noopener\"><img loading=\"lazy\" decoding=\"async\" width=\"762\" height=\"363\" src=\"https:\/\/memoiresdelolympia.fr\/wp-content\/uploads\/2023\/01\/memoires-de-lolympiaLe-Parasol-restaurant-royan.jpg\" alt=\"\" class=\"wp-image-173\" style=\"width:181px;height:85px\" srcset=\"https:\/\/memoiresdelolympia.fr\/wp-content\/uploads\/2023\/01\/memoires-de-lolympiaLe-Parasol-restaurant-royan.jpg 762w, https:\/\/memoiresdelolympia.fr\/wp-content\/uploads\/2023\/01\/memoires-de-lolympiaLe-Parasol-restaurant-royan-300x143.jpg 300w\" sizes=\"auto, (max-width: 762px) 100vw, 762px\" \/><\/a><figcaption class=\"wp-element-caption\">Le Parasol Royan<br>Plage de Foncillon<\/figcaption><\/figure>\n<\/div>\n<\/div>\n\n\n\n<h4 class=\"wp-block-heading has-text-align-center\">Nos partenaires<\/h4>\n\n\n\n<div class=\"wp-block-columns are-vertically-aligned-center is-layout-flex wp-container-core-columns-is-layout-28f84493 wp-block-columns-is-layout-flex\">\n<div class=\"wp-block-column is-vertically-aligned-center is-layout-flow wp-block-column-is-layout-flow\">\n<figure class=\"wp-block-image aligncenter size-medium is-resized\"><img loading=\"lazy\" decoding=\"async\" width=\"300\" height=\"108\" src=\"https:\/\/memoiresdelolympia.fr\/wp-content\/uploads\/2022\/12\/memoiresdelolympia-charente-maritime-300x108.png\" alt=\"\" class=\"wp-image-99\" style=\"width:267px;height:96px\" srcset=\"https:\/\/memoiresdelolympia.fr\/wp-content\/uploads\/2022\/12\/memoiresdelolympia-charente-maritime-300x108.png 300w, https:\/\/memoiresdelolympia.fr\/wp-content\/uploads\/2022\/12\/memoiresdelolympia-charente-maritime.png 397w\" sizes=\"auto, (max-width: 300px) 100vw, 300px\" \/><figcaption class=\"wp-element-caption\">Charente-Maritime<\/figcaption><\/figure>\n<\/div>\n\n\n\n<div class=\"wp-block-column is-vertically-aligned-center is-layout-flow wp-block-column-is-layout-flow\">\n<figure class=\"wp-block-image aligncenter size-full is-resized\"><img loading=\"lazy\" decoding=\"async\" width=\"233\" height=\"128\" src=\"http:\/\/memoiresdelolympia.fr\/wp-content\/uploads\/2022\/12\/memoiresdelolympia-royan.png\" alt=\"\" class=\"wp-image-101\" style=\"width:186px;height:102px\"\/><figcaption class=\"wp-element-caption\">Communaut\u00e9 d&rsquo;Agglom\u00e9ration Royan Atlantique<\/figcaption><\/figure>\n<\/div>\n\n\n\n<div class=\"wp-block-column is-vertically-aligned-center is-layout-flow wp-block-column-is-layout-flow\">\n<figure class=\"wp-block-image aligncenter size-large is-resized\"><img loading=\"lazy\" decoding=\"async\" width=\"1024\" height=\"1024\" src=\"http:\/\/memoiresdelolympia.fr\/wp-content\/uploads\/2022\/12\/memoiresdelolympia-royan-1024x1024.jpeg\" alt=\"\" class=\"wp-image-104\" style=\"width:122px;height:122px\" srcset=\"https:\/\/memoiresdelolympia.fr\/wp-content\/uploads\/2022\/12\/memoiresdelolympia-royan-1024x1024.jpeg 1024w, https:\/\/memoiresdelolympia.fr\/wp-content\/uploads\/2022\/12\/memoiresdelolympia-royan-300x300.jpeg 300w, https:\/\/memoiresdelolympia.fr\/wp-content\/uploads\/2022\/12\/memoiresdelolympia-royan-150x150.jpeg 150w, https:\/\/memoiresdelolympia.fr\/wp-content\/uploads\/2022\/12\/memoiresdelolympia-royan-768x768.jpeg 768w, https:\/\/memoiresdelolympia.fr\/wp-content\/uploads\/2022\/12\/memoiresdelolympia-royan.jpeg 1180w\" sizes=\"auto, (max-width: 1024px) 100vw, 1024px\" \/><figcaption class=\"wp-element-caption\">Ville de Royan<\/figcaption><\/figure>\n<\/div>\n<\/div>\n\n\n\n<div class=\"wp-block-columns are-vertically-aligned-center is-layout-flex wp-container-core-columns-is-layout-28f84493 wp-block-columns-is-layout-flex\">\n<div class=\"wp-block-column is-vertically-aligned-center is-layout-flow wp-block-column-is-layout-flow\">\n<figure class=\"wp-block-image aligncenter size-large is-resized wp-duotone-unset-1\"><img loading=\"lazy\" decoding=\"async\" width=\"1024\" height=\"436\" src=\"https:\/\/memoiresdelolympia.fr\/wp-content\/uploads\/2022\/12\/memoiresdelolympia-saintgeorges-1024x436.png\" alt=\"\" class=\"wp-image-106\" style=\"width:250px;height:106px\" srcset=\"https:\/\/memoiresdelolympia.fr\/wp-content\/uploads\/2022\/12\/memoiresdelolympia-saintgeorges-1024x436.png 1024w, https:\/\/memoiresdelolympia.fr\/wp-content\/uploads\/2022\/12\/memoiresdelolympia-saintgeorges-300x128.png 300w, https:\/\/memoiresdelolympia.fr\/wp-content\/uploads\/2022\/12\/memoiresdelolympia-saintgeorges-768x327.png 768w, https:\/\/memoiresdelolympia.fr\/wp-content\/uploads\/2022\/12\/memoiresdelolympia-saintgeorges.png 1224w\" sizes=\"auto, (max-width: 1024px) 100vw, 1024px\" \/><figcaption class=\"wp-element-caption\">Saint Georges de Didonne<\/figcaption><\/figure>\n<\/div>\n\n\n\n<div class=\"wp-block-column is-vertically-aligned-center is-layout-flow wp-block-column-is-layout-flow\">\n<figure class=\"wp-block-image aligncenter size-large is-resized\"><img loading=\"lazy\" decoding=\"async\" width=\"1024\" height=\"683\" src=\"http:\/\/memoiresdelolympia.fr\/wp-content\/uploads\/2022\/12\/memoiredelolympia-st-denis-doleron-1024x683.jpg\" alt=\"\" class=\"wp-image-98\" style=\"width:195px;height:130px\" srcset=\"https:\/\/memoiresdelolympia.fr\/wp-content\/uploads\/2022\/12\/memoiredelolympia-st-denis-doleron-1024x683.jpg 1024w, https:\/\/memoiresdelolympia.fr\/wp-content\/uploads\/2022\/12\/memoiredelolympia-st-denis-doleron-300x200.jpg 300w, https:\/\/memoiresdelolympia.fr\/wp-content\/uploads\/2022\/12\/memoiredelolympia-st-denis-doleron-768x512.jpg 768w, https:\/\/memoiresdelolympia.fr\/wp-content\/uploads\/2022\/12\/memoiredelolympia-st-denis-doleron.jpg 1500w\" sizes=\"auto, (max-width: 1024px) 100vw, 1024px\" \/><figcaption class=\"wp-element-caption\">Saint Denis d&rsquo;Ol\u00e9ron<\/figcaption><\/figure>\n<\/div>\n\n\n\n<div class=\"wp-block-column is-vertically-aligned-center is-layout-flow wp-block-column-is-layout-flow\">\n<figure class=\"wp-block-image aligncenter size-medium is-resized\"><img loading=\"lazy\" decoding=\"async\" width=\"214\" height=\"300\" src=\"https:\/\/memoiresdelolympia.fr\/wp-content\/uploads\/2022\/12\/memoiresdelolympia-st-palais-214x300.jpg\" alt=\"\" class=\"wp-image-103\" style=\"width:107px;height:150px\" srcset=\"https:\/\/memoiresdelolympia.fr\/wp-content\/uploads\/2022\/12\/memoiresdelolympia-st-palais-214x300.jpg 214w, https:\/\/memoiresdelolympia.fr\/wp-content\/uploads\/2022\/12\/memoiresdelolympia-st-palais-729x1024.jpg 729w, https:\/\/memoiresdelolympia.fr\/wp-content\/uploads\/2022\/12\/memoiresdelolympia-st-palais-768x1079.jpg 768w, https:\/\/memoiresdelolympia.fr\/wp-content\/uploads\/2022\/12\/memoiresdelolympia-st-palais-1094x1536.jpg 1094w, https:\/\/memoiresdelolympia.fr\/wp-content\/uploads\/2022\/12\/memoiresdelolympia-st-palais-1458x2048.jpg 1458w, https:\/\/memoiresdelolympia.fr\/wp-content\/uploads\/2022\/12\/memoiresdelolympia-st-palais-scaled.jpg 1823w\" sizes=\"auto, (max-width: 214px) 100vw, 214px\" \/><figcaption class=\"wp-element-caption\">Saint Palais sur Mer<\/figcaption><\/figure>\n<\/div>\n<\/div>\n\n\n\n<div class=\"wp-block-columns are-vertically-aligned-center is-layout-flex wp-container-core-columns-is-layout-28f84493 wp-block-columns-is-layout-flex\">\n<div class=\"wp-block-column is-vertically-aligned-center is-layout-flow wp-block-column-is-layout-flow\">\n<figure class=\"wp-block-image aligncenter size-full is-resized wp-duotone-unset-2\"><img loading=\"lazy\" decoding=\"async\" width=\"192\" height=\"91\" src=\"http:\/\/memoiresdelolympia.fr\/wp-content\/uploads\/2022\/12\/Crea.png\" alt=\"\" class=\"wp-image-97\" style=\"width:144px;height:68px\"\/><figcaption class=\"wp-element-caption\">Le Cr\u00e9a Saint Georges de Didonne<\/figcaption><\/figure>\n<\/div>\n\n\n\n<div class=\"wp-block-column is-vertically-aligned-center is-layout-flow wp-block-column-is-layout-flow\">\n<figure class=\"wp-block-image aligncenter size-full is-resized\"><img loading=\"lazy\" decoding=\"async\" width=\"171\" height=\"199\" src=\"http:\/\/memoiresdelolympia.fr\/wp-content\/uploads\/2022\/12\/memoiresdelolympia-manufacture-chanson.png\" alt=\"\" class=\"wp-image-100\" style=\"width:128px;height:149px\"\/><figcaption class=\"wp-element-caption\">La Manufacture Chanson<\/figcaption><\/figure>\n<\/div>\n\n\n\n<div class=\"wp-block-column is-vertically-aligned-center is-layout-flow wp-block-column-is-layout-flow\"><\/div>\n<\/div>\n\n\n\n<p><\/p>\n\n\n\n<div class=\"wp-block-buttons is-layout-flex wp-block-buttons-is-layout-flex\"><\/div>\n\n\n\n<div style=\"height:49px\" aria-hidden=\"true\" class=\"wp-block-spacer\"><\/div>\n\n\n\n<h4 class=\"wp-block-heading has-text-align-center\">Les Contributeurs<\/h4>\n\n\n\n<p class=\"has-small-font-size\">ANIGO Nathalie ARENAS Josette BERMON Alain et Sylviane BOYER Catherine BOYER Marie-Th\u00e9r\u00e8se CAMOIN Daniel et Mireille CASSOU Anette CAUVIN Jean CHEVALLIER Daniel et Mireille CIOCCA Patrick DEVOS Raymond et Danielle DUBIEFF Roland EDON Jacky FONTAINE Jacqueline FORT Fran\u00e7oise FORT Jean GAGGINI Serge et Jackie GUINET Fran\u00e7oise HOURQUET Roger et Danielle JOURDAIN Philippe et Sylviane LIMON Eliane MANGARD Herv\u00e9 et Claude MEILLAND David NOSTRON Jean-Claude et Brigitte PASCUAL Manuel et Anika PIMENTEL L\u00e9a PINSON St\u00e9phane et Brigitte RAUTUREAU Andr\u00e9 et Annie Restaurant \u00ab\u00a0Le Parasol\u00a0\u00bb ROLLAND Marie-Claire et Bernard ROSSELLO Nicole\/Roger ROUSSEL Jean-Jacques et Josiane ROUSSEL Laurent SAVARY Michel et Nathalie TOULOUMBADJIAN Marie-Jeanne VANNIER Jean-Yves et V\u00e9ronique WIBAUT Jacqueline<\/p>\n\n\n\n<div style=\"height:49px\" aria-hidden=\"true\" class=\"wp-block-spacer\"><\/div>\n\n\n\n<p class=\"has-text-align-center\">Merci \u00e0 <strong>Boris Gasiorowski<\/strong> pour l&rsquo;extrait d&rsquo;interview de Jean-Michel Boris, dans l&rsquo;\u00e9mission \u00ab\u00a0Terre d&rsquo;\u00e9coute\u00a0\u00bb sur Fr\u00e9quence Paris Plurielle.<\/p>\n","protected":false},"excerpt":{"rendered":"<p>L&rsquo;\u00e9quipe de M\u00e9moire(s) de l&rsquo;Olympia tient \u00e0 t\u00e9moigner sa gratitude et ses remerciements\u00e0 toutes les personnes et les entreprises qui soutiennent le spectacle. Vous souhaitez nous soutenir aussi et entrer dans l&rsquo;aventure \u00e0 nos c\u00f4t\u00e9s ?Contactez-nous ci-dessous Les entreprises qui nous soutiennent Nos partenaires Les Contributeurs ANIGO Nathalie ARENAS Josette BERMON Alain et Sylviane BOYER [&hellip;]<\/p>\n","protected":false},"author":1,"featured_media":0,"parent":0,"menu_order":0,"comment_status":"closed","ping_status":"closed","template":"","meta":{"site-sidebar-layout":"default","site-content-layout":"","ast-site-content-layout":"default","site-content-style":"default","site-sidebar-style":"default","ast-global-header-display":"","ast-banner-title-visibility":"","ast-main-header-display":"","ast-hfb-above-header-display":"","ast-hfb-below-header-display":"","ast-hfb-mobile-header-display":"","site-post-title":"","ast-breadcrumbs-content":"","ast-featured-img":"","footer-sml-layout":"","ast-disable-related-posts":"","theme-transparent-header-meta":"","adv-header-id-meta":"","stick-header-meta":"","header-above-stick-meta":"","header-main-stick-meta":"","header-below-stick-meta":"","astra-migrate-meta-layouts":"set","ast-page-background-enabled":"default","ast-page-background-meta":{"desktop":{"background-color":"var(--ast-global-color-4)","background-image":"","background-repeat":"repeat","background-position":"center center","background-size":"auto","background-attachment":"scroll","background-type":"","background-media":"","overlay-type":"","overlay-color":"","overlay-opacity":"","overlay-gradient":""},"tablet":{"background-color":"","background-image":"","background-repeat":"repeat","background-position":"center center","background-size":"auto","background-attachment":"scroll","background-type":"","background-media":"","overlay-type":"","overlay-color":"","overlay-opacity":"","overlay-gradient":""},"mobile":{"background-color":"","background-image":"","background-repeat":"repeat","background-position":"center center","background-size":"auto","background-attachment":"scroll","background-type":"","background-media":"","overlay-type":"","overlay-color":"","overlay-opacity":"","overlay-gradient":""}},"ast-content-background-meta":{"desktop":{"background-color":"var(--ast-global-color-5)","background-image":"","background-repeat":"repeat","background-position":"center center","background-size":"auto","background-attachment":"scroll","background-type":"","background-media":"","overlay-type":"","overlay-color":"","overlay-opacity":"","overlay-gradient":""},"tablet":{"background-color":"var(--ast-global-color-5)","background-image":"","background-repeat":"repeat","background-position":"center center","background-size":"auto","background-attachment":"scroll","background-type":"","background-media":"","overlay-type":"","overlay-color":"","overlay-opacity":"","overlay-gradient":""},"mobile":{"background-color":"var(--ast-global-color-5)","background-image":"","background-repeat":"repeat","background-position":"center center","background-size":"auto","background-attachment":"scroll","background-type":"","background-media":"","overlay-type":"","overlay-color":"","overlay-opacity":"","overlay-gradient":""}},"footnotes":""},"class_list":["post-20","page","type-page","status-publish","hentry"],"_links":{"self":[{"href":"https:\/\/memoiresdelolympia.fr\/index.php?rest_route=\/wp\/v2\/pages\/20","targetHints":{"allow":["GET"]}}],"collection":[{"href":"https:\/\/memoiresdelolympia.fr\/index.php?rest_route=\/wp\/v2\/pages"}],"about":[{"href":"https:\/\/memoiresdelolympia.fr\/index.php?rest_route=\/wp\/v2\/types\/page"}],"author":[{"embeddable":true,"href":"https:\/\/memoiresdelolympia.fr\/index.php?rest_route=\/wp\/v2\/users\/1"}],"replies":[{"embeddable":true,"href":"https:\/\/memoiresdelolympia.fr\/index.php?rest_route=%2Fwp%2Fv2%2Fcomments&post=20"}],"version-history":[{"count":23,"href":"https:\/\/memoiresdelolympia.fr\/index.php?rest_route=\/wp\/v2\/pages\/20\/revisions"}],"predecessor-version":[{"id":415,"href":"https:\/\/memoiresdelolympia.fr\/index.php?rest_route=\/wp\/v2\/pages\/20\/revisions\/415"}],"wp:attachment":[{"href":"https:\/\/memoiresdelolympia.fr\/index.php?rest_route=%2Fwp%2Fv2%2Fmedia&parent=20"}],"curies":[{"name":"wp","href":"https:\/\/api.w.org\/{rel}","templated":true}]}}